{"id":18,"date":"2019-01-02T14:13:20","date_gmt":"2019-01-02T14:13:20","guid":{"rendered":"http:\/\/frostav.cz\/?page_id=18"},"modified":"2020-07-13T08:09:45","modified_gmt":"2020-07-13T08:09:45","slug":"o-nas","status":"publish","type":"page","link":"https:\/\/frostav.cz\/","title":{"rendered":"O N\u00c1S"},"content":{"rendered":"\n<p>Jsme \u010desk\u00e1 stavebn\u00ed spole\u010dnost.<\/p>\n\n\n\n<p>Velmi si zakl\u00e1d\u00e1me na spokojenosti sv\u00fdch z\u00e1kazn\u00edk\u016f. V\u011b\u0159\u00edme, \u017ee \u017eivotaschopn\u00e1 stavba mus\u00ed b\u00fdt provedena poctiv\u011b, kvalitn\u011b a s maxim\u00e1ln\u00edm ohledem na Va\u0161e p\u0159\u00e1n\u00ed.  Spolupracujeme s prov\u011b\u0159en\u00fdmi kolegy a firmami, v\u00edme s \u010d\u00edm se v pr\u016fb\u011bhu realizace pot\u00fdk\u00e1te a um\u00edme poradit a pomoci, pokud je to t\u0159eba. <\/p>\n\n\n\n<p>Stavby reziden\u010dn\u00edho a komer\u010dn\u00edho charakteru realizujeme p\u0159edev\u0161\u00edm v Praze a St\u0159edo\u010desk\u00e9m kraji.  V galerii si m\u016f\u017eete prohl\u00e9dnout fotodokumentaci na\u0161\u00ed pr\u00e1ce.<\/p>\n\n\n\n<p>Nev\u00e1hejte n\u00e1s kontaktovat!<\/p>\n","protected":false},"excerpt":{"rendered":"<p>Jsme \u010desk\u00e1 stavebn\u00ed spole\u010dnost. Velmi si zakl\u00e1d\u00e1me na spokojenosti sv\u00fdch z\u00e1kazn\u00edk\u016f. V\u011b\u0159\u00edme, \u017ee \u017eivotaschopn\u00e1 stavba mus\u00ed b\u00fdt provedena poctiv\u011b, kvalitn\u011b a s maxim\u00e1ln\u00edm ohledem na&hellip;<\/p>\n","protected":false},"author":1,"featured_media":0,"parent":0,"menu_order":0,"comment_status":"closed","ping_status":"closed","template":"","meta":[],"_links":{"self":[{"href":"https:\/\/frostav.cz\/index.php?rest_route=\/wp\/v2\/pages\/18"}],"collection":[{"href":"https:\/\/frostav.cz\/index.php?rest_route=\/wp\/v2\/pages"}],"about":[{"href":"https:\/\/frostav.cz\/index.php?rest_route=\/wp\/v2\/types\/page"}],"author":[{"embeddable":true,"href":"https:\/\/frostav.cz\/index.php?rest_route=\/wp\/v2\/users\/1"}],"replies":[{"embeddable":true,"href":"https:\/\/frostav.cz\/index.php?rest_route=%2Fwp%2Fv2%2Fcomments&post=18"}],"version-history":[{"count":5,"href":"https:\/\/frostav.cz\/index.php?rest_route=\/wp\/v2\/pages\/18\/revisions"}],"predecessor-version":[{"id":254,"href":"https:\/\/frostav.cz\/index.php?rest_route=\/wp\/v2\/pages\/18\/revisions\/254"}],"wp:attachment":[{"href":"https:\/\/frostav.cz\/index.php?rest_route=%2Fwp%2Fv2%2Fmedia&parent=18"}],"curies":[{"name":"wp","href":"https:\/\/api.w.org\/{rel}","templated":true}]}}